{"id":1934,"date":"2024-07-13T19:53:30","date_gmt":"2024-07-13T16:53:30","guid":{"rendered":"https:\/\/bal-yurdu.com\/?post_type=product&#038;p=1934"},"modified":"2026-01-15T07:30:36","modified_gmt":"2026-01-15T04:30:36","slug":"karadut-receli","status":"publish","type":"product","link":"https:\/\/bal-yurdu.com\/index.php\/urun\/karadut-receli\/","title":{"rendered":"Karadut Re\u00e7eli"},"content":{"rendered":"<p>Karadut Re\u00e7eli, taze ve do\u011fal karadutlardan \u00f6zenle haz\u0131rlanm\u0131\u015f, e\u015fsiz bir lezzettir. Geleneksel y\u00f6ntemlerle ve do\u011fal malzemelerle \u00fcretilen bu re\u00e7el, zengin aromas\u0131 ve lezzetiyle kahvalt\u0131 sofralar\u0131n\u0131z\u0131n vazge\u00e7ilmezi olacak. Karadut, antioksidanlar ve vitaminler bak\u0131m\u0131ndan zengin olup, ba\u011f\u0131\u015f\u0131kl\u0131k sisteminizi g\u00fc\u00e7lendirmeye yard\u0131mc\u0131 olur. Do\u011fal \u015feker i\u00e7eri\u011fiyle hem sa\u011fl\u0131kl\u0131 hem de lezzetli bir se\u00e7enek sunar. Karadut Re\u00e7eli, ekme\u011fe s\u00fcrerek, yo\u011furtla kar\u0131\u015ft\u0131rarak veya tatl\u0131lar\u0131n\u0131zda kullanarak keyifle t\u00fcketebilirsiniz. Do\u011fan\u0131n en saf lezzetlerinden biri olan Karadut Re\u00e7eli ile hem kendinizi hem de sevdiklerinizi \u015f\u0131mart\u0131n.<\/p>\n","protected":false},"excerpt":{"rendered":"<p>Karadut Re\u00e7eli, taze karadutlardan \u00f6zenle haz\u0131rlanm\u0131\u015f, do\u011fal ve katk\u0131s\u0131z bir \u00fcr\u00fcnd\u00fcr. Sa\u011fl\u0131kl\u0131 ve lezzetli bir se\u00e7enek olan bu re\u00e7el, kahvalt\u0131lar\u0131n\u0131zda ve tatl\u0131lar\u0131n\u0131zda m\u00fckemmel bir tat sa\u011flar.<\/p>\n","protected":false},"featured_media":1937,"comment_status":"open","ping_status":"closed","template":"","meta":{"site-sidebar-layout":"default","site-content-layout":"default","ast-global-header-display":"","ast-banner-title-visibility":"","ast-main-header-display":"","ast-hfb-above-header-display":"","ast-hfb-below-header-display":"","ast-hfb-mobile-header-display":"","site-post-title":"","ast-breadcrumbs-content":"","ast-featured-img":"","footer-sml-layout":"","theme-transparent-header-meta":"default","adv-header-id-meta":"","stick-header-meta":"","header-above-stick-meta":"","header-main-stick-meta":"","header-below-stick-meta":""},"product_cat":[27],"product_tag":[],"jetpack_sharing_enabled":true,"_links":{"self":[{"href":"https:\/\/bal-yurdu.com\/index.php\/wp-json\/wp\/v2\/product\/1934"}],"collection":[{"href":"https:\/\/bal-yurdu.com\/index.php\/wp-json\/wp\/v2\/product"}],"about":[{"href":"https:\/\/bal-yurdu.com\/index.php\/wp-json\/wp\/v2\/types\/product"}],"replies":[{"embeddable":true,"href":"https:\/\/bal-yurdu.com\/index.php\/wp-json\/wp\/v2\/comments?post=1934"}],"wp:featuredmedia":[{"embeddable":true,"href":"https:\/\/bal-yurdu.com\/index.php\/wp-json\/wp\/v2\/media\/1937"}],"wp:attachment":[{"href":"https:\/\/bal-yurdu.com\/index.php\/wp-json\/wp\/v2\/media?parent=1934"}],"wp:term":[{"taxonomy":"product_cat","embeddable":true,"href":"https:\/\/bal-yurdu.com\/index.php\/wp-json\/wp\/v2\/product_cat?post=1934"},{"taxonomy":"product_tag","embeddable":true,"href":"https:\/\/bal-yurdu.com\/index.php\/wp-json\/wp\/v2\/product_tag?post=1934"}],"curies":[{"name":"wp","href":"https:\/\/api.w.org\/{rel}","templated":true}]}}