{"id":1932,"date":"2024-07-13T19:48:34","date_gmt":"2024-07-13T16:48:34","guid":{"rendered":"https:\/\/bal-yurdu.com\/?post_type=product&#038;p=1932"},"modified":"2024-07-13T19:48:34","modified_gmt":"2024-07-13T16:48:34","slug":"elma-sirkesi","status":"publish","type":"product","link":"https:\/\/bal-yurdu.com\/index.php\/urun\/elma-sirkesi\/","title":{"rendered":"Elma Sirkesi"},"content":{"rendered":"<p>Orijinal Elma Sirkesi, taze ve do\u011fal elmalardan geleneksel y\u00f6ntemlerle \u00fcretilmi\u015f y\u00fcksek kaliteli bir \u00fcr\u00fcnd\u00fcr. Tamamen katk\u0131s\u0131z ve do\u011fal fermente edilmi\u015f bu sirke, sa\u011fl\u0131\u011f\u0131n\u0131za bir\u00e7ok fayda sa\u011flar. Elma sirkesi, sindirim sisteminizi destekler, metabolizman\u0131z\u0131 h\u0131zland\u0131r\u0131r ve ba\u011f\u0131\u015f\u0131kl\u0131k sisteminizi g\u00fc\u00e7lendirir. \u0130\u00e7eri\u011findeki do\u011fal asitler ve enzimler sayesinde v\u00fccudunuzun detoks s\u00fcrecine yard\u0131mc\u0131 olur. Salatalar\u0131n\u0131za, marinadlar\u0131n\u0131za ve soslar\u0131n\u0131za benzersiz bir lezzet katarken, do\u011fal temizlik \u00fcr\u00fcn\u00fc olarak da evinizde g\u00fcvenle kullanabilirsiniz. Elma sirkesi, cilt bak\u0131m\u0131 ve sa\u00e7 sa\u011fl\u0131\u011f\u0131 i\u00e7in de harika bir do\u011fal \u00e7\u00f6z\u00fcmd\u00fcr. Herhangi bir katk\u0131 maddesi, koruyucu veya yapay renklendirici i\u00e7ermez. Do\u011fal sa\u011fl\u0131k ve lezzet kayna\u011f\u0131 olan Orijinal Elma Sirkesi&#8217;ni g\u00fcnl\u00fck ya\u015fam\u0131n\u0131za dahil ederek hem sa\u011fl\u0131kl\u0131 hem de lezzetli bir deneyim ya\u015fay\u0131n.<\/p>\n","protected":false},"excerpt":{"rendered":"<p>Orijinal Elma Sirkesi, taze elmalardan geleneksel y\u00f6ntemlerle \u00fcretilmi\u015f,<strong> tamamen do\u011fal ve katk\u0131s\u0131z bir sirkedir.<\/strong> Sindirim ve ba\u011f\u0131\u015f\u0131kl\u0131k sisteminizi destekler, metabolizman\u0131z\u0131 h\u0131zland\u0131r\u0131r ve detoks s\u00fcrecine yard\u0131mc\u0131 olur. Salatalar\u0131n\u0131za, soslar\u0131n\u0131za lezzet katarken, do\u011fal temizlik \u00fcr\u00fcn\u00fc olarak da kullan\u0131labilir. Ayr\u0131ca, cilt ve sa\u00e7 sa\u011fl\u0131\u011f\u0131 i\u00e7in de faydal\u0131d\u0131r.<\/p>\n","protected":false},"featured_media":1933,"comment_status":"open","ping_status":"closed","template":"","meta":{"site-sidebar-layout":"default","site-content-layout":"default","ast-global-header-display":"","ast-banner-title-visibility":"","ast-main-header-display":"","ast-hfb-above-header-display":"","ast-hfb-below-header-display":"","ast-hfb-mobile-header-display":"","site-post-title":"","ast-breadcrumbs-content":"","ast-featured-img":"","footer-sml-layout":"","theme-transparent-header-meta":"default","adv-header-id-meta":"","stick-header-meta":"","header-above-stick-meta":"","header-main-stick-meta":"","header-below-stick-meta":""},"product_cat":[26],"product_tag":[],"jetpack_sharing_enabled":true,"_links":{"self":[{"href":"https:\/\/bal-yurdu.com\/index.php\/wp-json\/wp\/v2\/product\/1932"}],"collection":[{"href":"https:\/\/bal-yurdu.com\/index.php\/wp-json\/wp\/v2\/product"}],"about":[{"href":"https:\/\/bal-yurdu.com\/index.php\/wp-json\/wp\/v2\/types\/product"}],"replies":[{"embeddable":true,"href":"https:\/\/bal-yurdu.com\/index.php\/wp-json\/wp\/v2\/comments?post=1932"}],"wp:featuredmedia":[{"embeddable":true,"href":"https:\/\/bal-yurdu.com\/index.php\/wp-json\/wp\/v2\/media\/1933"}],"wp:attachment":[{"href":"https:\/\/bal-yurdu.com\/index.php\/wp-json\/wp\/v2\/media?parent=1932"}],"wp:term":[{"taxonomy":"product_cat","embeddable":true,"href":"https:\/\/bal-yurdu.com\/index.php\/wp-json\/wp\/v2\/product_cat?post=1932"},{"taxonomy":"product_tag","embeddable":true,"href":"https:\/\/bal-yurdu.com\/index.php\/wp-json\/wp\/v2\/product_tag?post=1932"}],"curies":[{"name":"wp","href":"https:\/\/api.w.org\/{rel}","templated":true}]}}