{"id":1925,"date":"2024-07-11T17:05:20","date_gmt":"2024-07-11T14:05:20","guid":{"rendered":"https:\/\/bal-yurdu.com\/?post_type=product&#038;p=1925"},"modified":"2025-12-01T14:33:49","modified_gmt":"2025-12-01T11:33:49","slug":"alic-sirkesi","status":"publish","type":"product","link":"https:\/\/bal-yurdu.com\/index.php\/urun\/alic-sirkesi\/","title":{"rendered":"Al\u0131\u00e7 Sirkesi"},"content":{"rendered":"<p>Tamamen do\u011fal ve katk\u0131s\u0131z olarak \u00fcretilmi\u015f, y\u00fcksek kaliteli bir sirkedir. En taze al\u0131\u00e7 meyvelerinin geleneksel y\u00f6ntemlerle fermente edilmesiyle elde edilen bu \u00fcr\u00fcn, zengin aromas\u0131 ve sa\u011fl\u0131k yararlar\u0131 ile \u00f6ne \u00e7\u0131kar. Antioksidanlar ve vitaminler a\u00e7\u0131s\u0131ndan zengin olan al\u0131\u00e7 sirkesi, ba\u011f\u0131\u015f\u0131kl\u0131k sisteminizi g\u00fc\u00e7lendirir ve sindirim sa\u011fl\u0131\u011f\u0131n\u0131z\u0131 destekler.<\/p>\n<p>Salatalar\u0131n\u0131za, soslar\u0131n\u0131za ve tur\u015fular\u0131n\u0131za e\u015fsiz bir lezzet katmak i\u00e7in ideal bir se\u00e7imdir. Ayr\u0131ca, do\u011fal bir temizlik \u00fcr\u00fcn\u00fc olarak da kullan\u0131labilir. Serin ve kuru bir yerde, do\u011frudan g\u00fcne\u015f \u0131\u015f\u0131\u011f\u0131ndan uzak bir \u015fekilde muhafaza edilmesi tavsiye edilir. A\u00e7t\u0131ktan sonra buzdolab\u0131nda saklay\u0131n\u0131z.<\/p>\n","protected":false},"excerpt":{"rendered":"<ul>\n<li><strong>Tamamen Do\u011fal<\/strong>: Hi\u00e7bir katk\u0131 maddesi, koruyucu veya yapay renklendirici i\u00e7ermez.<\/li>\n<li><strong>El Yap\u0131m\u0131<\/strong>: Geleneksel tariflere sad\u0131k kalarak \u00fcretilmi\u015ftir.<\/li>\n<li><strong>Sa\u011fl\u0131k Deposu<\/strong>: Antioksidanlar ve vitaminler bak\u0131m\u0131ndan zengin olan al\u0131\u00e7 sirkesi, ba\u011f\u0131\u015f\u0131kl\u0131k sisteminizi g\u00fc\u00e7lendirir ve genel sa\u011fl\u0131\u011f\u0131n\u0131za katk\u0131da bulunur.<\/li>\n<li><strong>Lezzet Katk\u0131s\u0131<\/strong>: Salatalar\u0131n\u0131za, soslar\u0131n\u0131za ve tur\u015fular\u0131n\u0131za e\u015fsiz bir tat ve aroma katar.<\/li>\n<\/ul>\n","protected":false},"featured_media":1926,"comment_status":"open","ping_status":"closed","template":"","meta":{"site-sidebar-layout":"default","site-content-layout":"default","ast-global-header-display":"","ast-banner-title-visibility":"","ast-main-header-display":"","ast-hfb-above-header-display":"","ast-hfb-below-header-display":"","ast-hfb-mobile-header-display":"","site-post-title":"","ast-breadcrumbs-content":"","ast-featured-img":"","footer-sml-layout":"","theme-transparent-header-meta":"default","adv-header-id-meta":"","stick-header-meta":"","header-above-stick-meta":"","header-main-stick-meta":"","header-below-stick-meta":""},"product_cat":[26],"product_tag":[],"jetpack_sharing_enabled":true,"_links":{"self":[{"href":"https:\/\/bal-yurdu.com\/index.php\/wp-json\/wp\/v2\/product\/1925"}],"collection":[{"href":"https:\/\/bal-yurdu.com\/index.php\/wp-json\/wp\/v2\/product"}],"about":[{"href":"https:\/\/bal-yurdu.com\/index.php\/wp-json\/wp\/v2\/types\/product"}],"replies":[{"embeddable":true,"href":"https:\/\/bal-yurdu.com\/index.php\/wp-json\/wp\/v2\/comments?post=1925"}],"wp:featuredmedia":[{"embeddable":true,"href":"https:\/\/bal-yurdu.com\/index.php\/wp-json\/wp\/v2\/media\/1926"}],"wp:attachment":[{"href":"https:\/\/bal-yurdu.com\/index.php\/wp-json\/wp\/v2\/media?parent=1925"}],"wp:term":[{"taxonomy":"product_cat","embeddable":true,"href":"https:\/\/bal-yurdu.com\/index.php\/wp-json\/wp\/v2\/product_cat?post=1925"},{"taxonomy":"product_tag","embeddable":true,"href":"https:\/\/bal-yurdu.com\/index.php\/wp-json\/wp\/v2\/product_tag?post=1925"}],"curies":[{"name":"wp","href":"https:\/\/api.w.org\/{rel}","templated":true}]}}