{"id":1138,"date":"2022-10-18T18:11:27","date_gmt":"2022-10-18T15:11:27","guid":{"rendered":"https:\/\/bal-yurdu.com\/index.php\/urun\/poster-v1\/"},"modified":"2025-08-30T02:10:03","modified_gmt":"2025-08-29T23:10:03","slug":"suzme-cicek-bali","status":"publish","type":"product","link":"https:\/\/bal-yurdu.com\/index.php\/urun\/suzme-cicek-bali\/","title":{"rendered":"S\u00fczme \u00c7i\u00e7ek Bal\u0131"},"content":{"rendered":"<p>Bal Yurdu S\u00fczme Bal\u0131, do\u011fal ve sa\u011fl\u0131kl\u0131 bir besin olan bal\u0131n en kaliteli ve \u00f6zg\u00fcn \u015fekillerinden biridir. Bal Yurdu markas\u0131 alt\u0131nda \u00fcretilen s\u00fczme bal, Bitlis ve \u00c7evre b\u00f6lgelerindeki do\u011fal flora ve ar\u0131c\u0131l\u0131k gelene\u011finin birle\u015fimiyle elde edilir. \u0130\u015fte Bal Yurdu S\u00fczme Bal\u0131&#8217;n\u0131n \u00f6zelliklerinden baz\u0131lar\u0131:<\/p>\n<ol>\n<li>Do\u011fal ve Sa\u011fl\u0131kl\u0131: Bal Yurdu S\u00fczme Bal\u0131, ar\u0131lar\u0131n \u00e7i\u00e7ek nektar\u0131n\u0131 toplayarak i\u015fledi\u011fi do\u011fal bir \u00fcr\u00fcnd\u00fcr. Katk\u0131 maddesi veya yapay aroma i\u00e7ermez. Tamamen do\u011fal ve saf bir yap\u0131ya sahiptir. Sa\u011fl\u0131kl\u0131 bir besin kayna\u011f\u0131 olmas\u0131n\u0131n yan\u0131 s\u0131ra tatl\u0131 bir lezzet sunar.<\/li>\n<li>Y\u00fcksek Kalite: Bal Yurdu S\u00fczme Bal\u0131, kaliteli ar\u0131c\u0131l\u0131k teknikleri ve \u00f6zenli i\u015fleme s\u00fcreci ile elde edilir. Ar\u0131lar\u0131n \u00e7i\u00e7eklerden toplad\u0131\u011f\u0131 nektar, \u00f6zel bir s\u00fczme y\u00f6ntemiyle bal peteklerinden ayr\u0131\u015ft\u0131r\u0131l\u0131r. Bu s\u00fczme i\u015flemi, kaliteli ve p\u00fcr\u00fczs\u00fcz bir bal elde etmek i\u00e7in \u00f6nemlidir.<\/li>\n<li>Yo\u011fun Lezzet: Bal Yurdu S\u00fczme Bal\u0131, kendine \u00f6zg\u00fc bir lezzete sahiptir. Yo\u011fun bir tat ve aromaya sahip olan bu bal, damaklarda e\u015fsiz bir tat b\u0131rak\u0131r. Kahvalt\u0131 sofralar\u0131n\u0131za veya tatl\u0131 tariflerinize lezzet katar.<\/li>\n<li>Besleyici De\u011ferler: Bal Yurdu S\u00fczme Bal\u0131, do\u011fal olarak \u00e7e\u015fitli besleyici de\u011ferler i\u00e7erir. \u0130\u00e7eri\u011finde bulunan vitaminler, mineraller ve enzimler v\u00fccudun ihtiya\u00e7 duydu\u011fu besinleri sa\u011flar. Enerji verici \u00f6zelli\u011fi sayesinde g\u00fcn boyu enerji sa\u011flamaya yard\u0131mc\u0131 olur.<\/li>\n<li>\u00c7e\u015fitlilik: Bal Yurdu S\u00fczme Bal\u0131, farkl\u0131 \u00e7i\u00e7eklerin nektar\u0131ndan elde edilen bal \u00e7e\u015fitlerini sunar. Her bir \u00e7e\u015fidin kendine \u00f6zg\u00fc aromas\u0131 ve karakteristi\u011fi vard\u0131r. \u00d6rne\u011fin, Kekik, Geven, \u00dc\u00e7g\u00fcl vb.. ballar\u0131 aras\u0131ndan tercih yapabilirsiniz.<\/li>\n<\/ol>\n<p>Bal Yurdu S\u00fczme Bal\u0131, do\u011fan\u0131n ve geleneksel ar\u0131c\u0131l\u0131\u011f\u0131n birle\u015fti\u011fi bir \u00fcr\u00fcn olarak g\u00fcvenilirlik ve kalite sunar. Sa\u011fl\u0131\u011f\u0131n\u0131za \u00f6nem veren ve do\u011fal beslenmeyi tercih eden t\u00fcketiciler i\u00e7in ideal bir se\u00e7enektir.<\/p>\n","protected":false},"excerpt":{"rendered":"<p>Bal Yurdu&#8217;nun \u00fcretim s\u00fcreci, hijyenik \u015fartlarda ger\u00e7ekle\u015ftirilir ve en y\u00fcksek kalite standartlar\u0131na uygun olarak paketlenir. B\u00f6ylece, sa\u011fl\u0131\u011f\u0131n\u0131z\u0131 riske atmadan do\u011fan\u0131n mucizesi olan bal\u0131n keyfini \u00e7\u0131karabilirsiniz.<\/p>\n","protected":false},"featured_media":1538,"comment_status":"open","ping_status":"closed","template":"","meta":{"site-sidebar-layout":"default","site-content-layout":"default","ast-global-header-display":"","ast-banner-title-visibility":"","ast-main-header-display":"","ast-hfb-above-header-display":"","ast-hfb-below-header-display":"","ast-hfb-mobile-header-display":"","site-post-title":"","ast-breadcrumbs-content":"","ast-featured-img":"","footer-sml-layout":"","theme-transparent-header-meta":"default","adv-header-id-meta":"","stick-header-meta":"","header-above-stick-meta":"","header-main-stick-meta":"","header-below-stick-meta":""},"product_cat":[22],"product_tag":[],"jetpack_sharing_enabled":true,"_links":{"self":[{"href":"https:\/\/bal-yurdu.com\/index.php\/wp-json\/wp\/v2\/product\/1138"}],"collection":[{"href":"https:\/\/bal-yurdu.com\/index.php\/wp-json\/wp\/v2\/product"}],"about":[{"href":"https:\/\/bal-yurdu.com\/index.php\/wp-json\/wp\/v2\/types\/product"}],"replies":[{"embeddable":true,"href":"https:\/\/bal-yurdu.com\/index.php\/wp-json\/wp\/v2\/comments?post=1138"}],"wp:featuredmedia":[{"embeddable":true,"href":"https:\/\/bal-yurdu.com\/index.php\/wp-json\/wp\/v2\/media\/1538"}],"wp:attachment":[{"href":"https:\/\/bal-yurdu.com\/index.php\/wp-json\/wp\/v2\/media?parent=1138"}],"wp:term":[{"taxonomy":"product_cat","embeddable":true,"href":"https:\/\/bal-yurdu.com\/index.php\/wp-json\/wp\/v2\/product_cat?post=1138"},{"taxonomy":"product_tag","embeddable":true,"href":"https:\/\/bal-yurdu.com\/index.php\/wp-json\/wp\/v2\/product_tag?post=1138"}],"curies":[{"name":"wp","href":"https:\/\/api.w.org\/{rel}","templated":true}]}}