{"id":1137,"date":"2022-10-18T18:11:20","date_gmt":"2022-10-18T18:11:20","guid":{"rendered":"https:\/\/bal-yurdu.com\/index.php\/urun\/poster-v2\/"},"modified":"2023-10-17T19:46:35","modified_gmt":"2023-10-17T16:46:35","slug":"premium-paket","status":"publish","type":"product","link":"https:\/\/bal-yurdu.com\/index.php\/urun\/premium-paket\/","title":{"rendered":"Premium Paket"},"content":{"rendered":"<p>Bu \u00f6zel premium paket, do\u011fadan gelen enfes lezzetleri bir araya getiriyor. \u0130\u00e7inde 2 adet s\u00fczme bal\u0131 ve 1300 gram kasnak petek bulunmaktad\u0131r. Her biri \u00f6zenle se\u00e7ilmi\u015f ve elde edilmi\u015f bu \u00fcr\u00fcnler, do\u011fal ar\u0131c\u0131l\u0131\u011f\u0131n en kaliteli \u00f6rneklerini sunar.<\/p>\n<p>S\u00fczme bal, ar\u0131lar\u0131n \u00e7i\u00e7ek nektar\u0131n\u0131 toplay\u0131p \u00f6zenle s\u00fczerek elde edilen p\u00fcr\u00fczs\u00fcz ve tatl\u0131 bir bal \u00e7e\u015fididir. \u0130nce dokusu ve hafif k\u0131vam\u0131yla damaklarda e\u015fsiz bir tat b\u0131rak\u0131r.<\/p>\n<p>1300 gram kasnak petek ise, ar\u0131lar\u0131n do\u011fal olarak \u00fcretti\u011fi peteklerin \u00f6zenle kesilip paketlenmi\u015f halidir. Do\u011fan\u0131n \u015fahane geometrisini yans\u0131tan bu petekler, do\u011fal bal\u0131n en saf haliyle sunulmas\u0131n\u0131 sa\u011flar.<\/p>\n<p>Bu premium paket, do\u011fan\u0131n sundu\u011fu en kaliteli ve sa\u011fl\u0131kl\u0131 \u00fcr\u00fcnleri bir araya getirerek, sofralar\u0131n\u0131za do\u011fal ve lezzetli bir deneyim sunar. Bal\u0131n do\u011fall\u0131\u011f\u0131n\u0131 ve zengin aromas\u0131n\u0131 hissedebilece\u011finiz bu paket, sa\u011fl\u0131k ve lezzet arayanlar i\u00e7in ideal bir se\u00e7enektir.<\/p>\n<p>Bal Yurdu&#8217;nun \u00f6zenle haz\u0131rlad\u0131\u011f\u0131 bu premium paketle, do\u011fan\u0131n mucizesini sofralar\u0131n\u0131za ta\u015f\u0131y\u0131n ve sa\u011fl\u0131kl\u0131 bir ya\u015fam\u0131n tad\u0131n\u0131 \u00e7\u0131kar\u0131n.<\/p>\n","protected":false},"excerpt":{"rendered":"<p>Bu \u00f6zel premium paket, en kaliteli bal \u00e7e\u015fitlerini bir araya getiriyor. \u0130\u00e7inde 2 adet s\u00fczme bal\u0131 ve 1300 gram kasnak petek bulunuyor. Do\u011fadan gelen bu lezzetleri deneyimleyerek, do\u011fal ve sa\u011fl\u0131kl\u0131 bir tat yolculu\u011funa \u00e7\u0131kabilirsiniz.<\/p>\n","protected":false},"featured_media":1540,"comment_status":"open","ping_status":"closed","template":"","meta":{"site-sidebar-layout":"default","site-content-layout":"default","ast-global-header-display":"","ast-banner-title-visibility":"","ast-main-header-display":"","ast-hfb-above-header-display":"","ast-hfb-below-header-display":"","ast-hfb-mobile-header-display":"","site-post-title":"","ast-breadcrumbs-content":"","ast-featured-img":"","footer-sml-layout":"","theme-transparent-header-meta":"default","adv-header-id-meta":"","stick-header-meta":"","header-above-stick-meta":"","header-main-stick-meta":"","header-below-stick-meta":""},"product_cat":[23],"product_tag":[],"jetpack_sharing_enabled":true,"_links":{"self":[{"href":"https:\/\/bal-yurdu.com\/index.php\/wp-json\/wp\/v2\/product\/1137"}],"collection":[{"href":"https:\/\/bal-yurdu.com\/index.php\/wp-json\/wp\/v2\/product"}],"about":[{"href":"https:\/\/bal-yurdu.com\/index.php\/wp-json\/wp\/v2\/types\/product"}],"replies":[{"embeddable":true,"href":"https:\/\/bal-yurdu.com\/index.php\/wp-json\/wp\/v2\/comments?post=1137"}],"wp:featuredmedia":[{"embeddable":true,"href":"https:\/\/bal-yurdu.com\/index.php\/wp-json\/wp\/v2\/media\/1540"}],"wp:attachment":[{"href":"https:\/\/bal-yurdu.com\/index.php\/wp-json\/wp\/v2\/media?parent=1137"}],"wp:term":[{"taxonomy":"product_cat","embeddable":true,"href":"https:\/\/bal-yurdu.com\/index.php\/wp-json\/wp\/v2\/product_cat?post=1137"},{"taxonomy":"product_tag","embeddable":true,"href":"https:\/\/bal-yurdu.com\/index.php\/wp-json\/wp\/v2\/product_tag?post=1137"}],"curies":[{"name":"wp","href":"https:\/\/api.w.org\/{rel}","templated":true}]}}