{"id":252,"date":"2021-08-18T05:35:45","date_gmt":"2021-08-18T02:35:45","guid":{"rendered":"https:\/\/bal-yurdu.com\/index.php\/about\/"},"modified":"2023-10-18T21:22:41","modified_gmt":"2023-10-18T18:22:41","slug":"hakkimizda","status":"publish","type":"page","link":"https:\/\/bal-yurdu.com\/index.php\/hakkimizda\/","title":{"rendered":"Hakk\u0131m\u0131zda"},"content":{"rendered":"\t\t<div data-elementor-type=\"wp-page\" data-elementor-id=\"252\" class=\"elementor elementor-252\">\n\t\t\t\t\t\t<section class=\"elementor-section elementor-top-section elementor-element elementor-element-1336c617 elementor-section-height-min-height elementor-section-boxed elementor-section-height-default elementor-section-items-middle\" data-id=\"1336c617\" data-element_type=\"section\" data-settings=\"{&quot;background_background&quot;:&quot;classic&quot;}\">\n\t\t\t\t\t\t<div class=\"elementor-container elementor-column-gap-default\">\n\t\t\t\t\t<div class=\"elementor-column elementor-col-100 elementor-top-column elementor-element elementor-element-7f957220\" data-id=\"7f957220\" data-element_type=\"column\">\n\t\t\t<div class=\"elementor-widget-wrap elementor-element-populated\">\n\t\t\t\t\t\t<div class=\"elementor-element elementor-element-617f05d8 elementor-widget elementor-widget-heading\" data-id=\"617f05d8\" data-element_type=\"widget\" data-widget_type=\"heading.default\">\n\t\t\t\t<div class=\"elementor-widget-container\">\n\t\t\t<style>\/*! elementor - v3.22.0 - 26-06-2024 *\/\n.elementor-heading-title{padding:0;margin:0;line-height:1}.elementor-widget-heading .elementor-heading-title[class*=elementor-size-]>a{color:inherit;font-size:inherit;line-height:inherit}.elementor-widget-heading .elementor-heading-title.elementor-size-small{font-size:15px}.elementor-widget-heading .elementor-heading-title.elementor-size-medium{font-size:19px}.elementor-widget-heading .elementor-heading-title.elementor-size-large{font-size:29px}.elementor-widget-heading .elementor-heading-title.elementor-size-xl{font-size:39px}.elementor-widget-heading .elementor-heading-title.elementor-size-xxl{font-size:59px}<\/style><h1 class=\"elementor-heading-title elementor-size-default\">Biz kimiz?<\/h1>\t\t<\/div>\n\t\t\t\t<\/div>\n\t\t\t\t\t<\/div>\n\t\t<\/div>\n\t\t\t\t\t<\/div>\n\t\t<\/section>\n\t\t\t\t<section class=\"elementor-section elementor-top-section elementor-element elementor-element-38765c5b elementor-section-boxed elementor-section-height-default elementor-section-height-default\" data-id=\"38765c5b\" data-element_type=\"section\">\n\t\t\t\t\t\t<div class=\"elementor-container elementor-column-gap-default\">\n\t\t\t\t\t<div class=\"elementor-column elementor-col-50 elementor-top-column elementor-element elementor-element-6a82d977\" data-id=\"6a82d977\" data-element_type=\"column\">\n\t\t\t<div class=\"elementor-widget-wrap elementor-element-populated\">\n\t\t\t\t\t\t<div class=\"elementor-element elementor-element-1eb674a4 elementor-widget elementor-widget-image\" data-id=\"1eb674a4\" data-element_type=\"widget\" data-widget_type=\"image.default\">\n\t\t\t\t<div class=\"elementor-widget-container\">\n\t\t\t<style>\/*! elementor - v3.22.0 - 26-06-2024 *\/\n.elementor-widget-image{text-align:center}.elementor-widget-image a{display:inline-block}.elementor-widget-image a img[src$=\".svg\"]{width:48px}.elementor-widget-image img{vertical-align:middle;display:inline-block}<\/style>\t\t\t\t\t\t\t\t\t\t<img fetchpriority=\"high\" decoding=\"async\" width=\"1024\" height=\"524\" src=\"https:\/\/bal-yurdu.com\/wp-content\/uploads\/2023\/05\/WhatsApp-Gorsel-2023-05-22-saat-18.04.21-1024x524.jpg\" class=\"attachment-large size-large wp-image-1585\" alt=\"\" srcset=\"https:\/\/bal-yurdu.com\/wp-content\/uploads\/2023\/05\/WhatsApp-Gorsel-2023-05-22-saat-18.04.21-1024x524.jpg 1024w, https:\/\/bal-yurdu.com\/wp-content\/uploads\/2023\/05\/WhatsApp-Gorsel-2023-05-22-saat-18.04.21-300x154.jpg 300w, https:\/\/bal-yurdu.com\/wp-content\/uploads\/2023\/05\/WhatsApp-Gorsel-2023-05-22-saat-18.04.21-768x393.jpg 768w, https:\/\/bal-yurdu.com\/wp-content\/uploads\/2023\/05\/WhatsApp-Gorsel-2023-05-22-saat-18.04.21-1536x786.jpg 1536w, https:\/\/bal-yurdu.com\/wp-content\/uploads\/2023\/05\/WhatsApp-Gorsel-2023-05-22-saat-18.04.21-600x307.jpg 600w, https:\/\/bal-yurdu.com\/wp-content\/uploads\/2023\/05\/WhatsApp-Gorsel-2023-05-22-saat-18.04.21.jpg 1600w\" sizes=\"(max-width: 1024px) 100vw, 1024px\" \/>\t\t\t\t\t\t\t\t\t\t\t\t\t<\/div>\n\t\t\t\t<\/div>\n\t\t\t\t\t<\/div>\n\t\t<\/div>\n\t\t\t\t<div class=\"elementor-column elementor-col-50 elementor-top-column elementor-element elementor-element-3d440c4\" data-id=\"3d440c4\" data-element_type=\"column\">\n\t\t\t<div class=\"elementor-widget-wrap elementor-element-populated\">\n\t\t\t\t\t\t<div class=\"elementor-element elementor-element-2b7ed6cc elementor-widget elementor-widget-heading\" data-id=\"2b7ed6cc\" data-element_type=\"widget\" data-widget_type=\"heading.default\">\n\t\t\t\t<div class=\"elementor-widget-container\">\n\t\t\t<h2 class=\"elementor-heading-title elementor-size-default\">HAKKIMIZDA<\/h2>\t\t<\/div>\n\t\t\t\t<\/div>\n\t\t\t\t<div class=\"elementor-element elementor-element-23bc2676 elementor-widget__width-initial elementor-widget elementor-widget-text-editor\" data-id=\"23bc2676\" data-element_type=\"widget\" data-widget_type=\"text-editor.default\">\n\t\t\t\t<div class=\"elementor-widget-container\">\n\t\t\t<style>\/*! elementor - v3.22.0 - 26-06-2024 *\/\n.elementor-widget-text-editor.elementor-drop-cap-view-stacked .elementor-drop-cap{background-color:#69727d;color:#fff}.elementor-widget-text-editor.elementor-drop-cap-view-framed .elementor-drop-cap{color:#69727d;border:3px solid;background-color:transparent}.elementor-widget-text-editor:not(.elementor-drop-cap-view-default) .elementor-drop-cap{margin-top:8px}.elementor-widget-text-editor:not(.elementor-drop-cap-view-default) .elementor-drop-cap-letter{width:1em;height:1em}.elementor-widget-text-editor .elementor-drop-cap{float:left;text-align:center;line-height:1;font-size:50px}.elementor-widget-text-editor .elementor-drop-cap-letter{display:inline-block}<\/style>\t\t\t\t<span style=\"font-style: inherit; font-weight: inherit;\">1985 Y\u0131l\u0131nda ba\u015flad\u0131\u011f\u0131m\u0131z bu sekt\u00f6rde 38 Y\u0131l\u0131m\u0131z\u0131 geride b\u0131rakt\u0131k. Bitlis Merkez ve \u0130l\u00e7elerimizin y\u00fcksek rak\u0131ml\u0131 yaylalardan elde etti\u011fimiz organik ballar\u0131 siz de\u011ferli t\u00fcketicilerimizle bulu\u015fturman\u0131n mutlulu\u011funu ya\u015f\u0131yoruz.<\/span>\n\n<span style=\"color: organe;\">Neden Bitlis Bal\u0131<\/span>: Endemik bitki a\u00e7\u0131s\u0131ndan zengin bir flora, nem oran\u0131 a\u00e7\u0131s\u0131ndan da d\u00fc\u015f\u00fck bir \u00e7o\u011frafyada \u00fcretilen bal\u0131n kalite a\u00e7\u0131s\u0131ndan de\u011feri tart\u0131\u015fmas\u0131zd\u0131r. Bitlis merkez ve il\u00e7eleri bu e\u015fsiz co\u011frafya ya sahip ender b\u00f6lgelerimizin ba\u015f\u0131nda gelir.\u00a0<span style=\"font-style: inherit; font-weight: inherit;\">Kalitemizdeki s\u0131r, ar\u0131lar\u0131n beslenmesinde ve bak\u0131m\u0131nda kulland\u0131\u011f\u0131m\u0131z organik ve do\u011fal y\u00f6ntemlerdir. Ar\u0131lar\u0131m\u0131z\u0131n sa\u011fl\u0131\u011f\u0131n\u0131 \u00f6nemsiyor ve onlara zarar veren kimyasallardan uzak duruyoruz. Bu sayede, saf ve do\u011fal bal elde etmenin yan\u0131 s\u0131ra, \u00e7evreye ve do\u011faya da sayg\u0131 duyuyoruz.\u00a0<\/span><span style=\"font-style: inherit; font-weight: inherit;\">Do\u011fal ve sa\u011fl\u0131kl\u0131 bir ya\u015fam\u0131 destekleyen bir marka olarak, m\u00fc\u015fterilerimizin sa\u011fl\u0131\u011f\u0131n\u0131 ve mutlulu\u011funu \u00f6nemsiyoruz.\u00a0<\/span><a style=\"font-style: inherit; font-weight: inherit; background-color: #ffffff;\" href=\"https:\/\/tr.wikipedia.org\/wiki\/Bal_Yurdu\"><span style=\"text-decoration-line: underline;\">BAL<\/span><span style=\"text-decoration-line: underline;\"> YURDU<\/span><\/a><span style=\"font-style: inherit; font-weight: inherit;\"> olarak, sizlere en iyi kalitede \u00a0\u00fcr\u00fcn sunmaktan ve do\u011fan\u0131n bize sundu\u011fu bu de\u011ferli \u00fcr\u00fcnleri payla\u015fmaktan b\u00fcy\u00fck mutluluk duyuyoruz.<\/span>\t\t\t\t\t\t<\/div>\n\t\t\t\t<\/div>\n\t\t\t\t\t<\/div>\n\t\t<\/div>\n\t\t\t\t\t<\/div>\n\t\t<\/section>\n\t\t\t\t<\/div>\n\t\t","protected":false},"excerpt":{"rendered":"<p>Biz kimiz? HAKKIMIZDA 1985 Y\u0131l\u0131nda ba\u015flad\u0131\u011f\u0131m\u0131z bu sekt\u00f6rde 38 Y\u0131l\u0131m\u0131z\u0131 geride b\u0131rakt\u0131k. Bitlis Merkez ve \u0130l\u00e7elerimizin y\u00fcksek rak\u0131ml\u0131 yaylalardan elde etti\u011fimiz organik ballar\u0131 siz de\u011ferli t\u00fcketicilerimizle bulu\u015fturman\u0131n mutlulu\u011funu ya\u015f\u0131yoruz. Neden Bitlis Bal\u0131: Endemik bitki a\u00e7\u0131s\u0131ndan zengin bir flora, nem oran\u0131 a\u00e7\u0131s\u0131ndan da d\u00fc\u015f\u00fck bir \u00e7o\u011frafyada \u00fcretilen bal\u0131n kalite a\u00e7\u0131s\u0131ndan de\u011feri tart\u0131\u015fmas\u0131zd\u0131r. Bitlis merkez ve il\u00e7eleri &hellip;<\/p>\n<p class=\"read-more\"> <a class=\"\" href=\"https:\/\/bal-yurdu.com\/index.php\/hakkimizda\/\"> <span class=\"screen-reader-text\">Hakk\u0131m\u0131zda<\/span> Devam\u0131 &raquo;<\/a><\/p>\n","protected":false},"author":1,"featured_media":0,"parent":0,"menu_order":0,"comment_status":"closed","ping_status":"closed","template":"elementor_header_footer","meta":{"site-sidebar-layout":"no-sidebar","site-content-layout":"page-builder","ast-global-header-display":"","ast-banner-title-visibility":"","ast-main-header-display":"","ast-hfb-above-header-display":"","ast-hfb-below-header-display":"","ast-hfb-mobile-header-display":"","site-post-title":"disabled","ast-breadcrumbs-content":"disabled","ast-featured-img":"disabled","footer-sml-layout":"","theme-transparent-header-meta":"enabled","adv-header-id-meta":"","stick-header-meta":"","header-above-stick-meta":"","header-main-stick-meta":"","header-below-stick-meta":"","footnotes":""},"jetpack_sharing_enabled":true,"_links":{"self":[{"href":"https:\/\/bal-yurdu.com\/index.php\/wp-json\/wp\/v2\/pages\/252"}],"collection":[{"href":"https:\/\/bal-yurdu.com\/index.php\/wp-json\/wp\/v2\/pages"}],"about":[{"href":"https:\/\/bal-yurdu.com\/index.php\/wp-json\/wp\/v2\/types\/page"}],"author":[{"embeddable":true,"href":"https:\/\/bal-yurdu.com\/index.php\/wp-json\/wp\/v2\/users\/1"}],"replies":[{"embeddable":true,"href":"https:\/\/bal-yurdu.com\/index.php\/wp-json\/wp\/v2\/comments?post=252"}],"version-history":[{"count":29,"href":"https:\/\/bal-yurdu.com\/index.php\/wp-json\/wp\/v2\/pages\/252\/revisions"}],"predecessor-version":[{"id":1896,"href":"https:\/\/bal-yurdu.com\/index.php\/wp-json\/wp\/v2\/pages\/252\/revisions\/1896"}],"wp:attachment":[{"href":"https:\/\/bal-yurdu.com\/index.php\/wp-json\/wp\/v2\/media?parent=252"}],"curies":[{"name":"wp","href":"https:\/\/api.w.org\/{rel}","templated":true}]}}