{"id":1651,"date":"2023-05-27T08:16:22","date_gmt":"2023-05-27T05:16:22","guid":{"rendered":"https:\/\/bal-yurdu.com\/?page_id=1651"},"modified":"2023-05-28T17:44:35","modified_gmt":"2023-05-28T14:44:35","slug":"misyonumuz-2","status":"publish","type":"page","link":"https:\/\/bal-yurdu.com\/index.php\/misyonumuz-2\/","title":{"rendered":"Misyonumuz"},"content":{"rendered":"\t\t<div data-elementor-type=\"wp-page\" data-elementor-id=\"1651\" class=\"elementor elementor-1651\">\n\t\t\t\t\t\t<section class=\"elementor-section elementor-top-section elementor-element elementor-element-d2646f9 elementor-section-boxed elementor-section-height-default elementor-section-height-default\" data-id=\"d2646f9\" data-element_type=\"section\">\n\t\t\t\t\t\t<div class=\"elementor-container elementor-column-gap-default\">\n\t\t\t\t\t<div class=\"elementor-column elementor-col-100 elementor-top-column elementor-element elementor-element-bcf918d\" data-id=\"bcf918d\" data-element_type=\"column\">\n\t\t\t<div class=\"elementor-widget-wrap elementor-element-populated\">\n\t\t\t\t\t\t\t<\/div>\n\t\t<\/div>\n\t\t\t\t\t<\/div>\n\t\t<\/section>\n\t\t\t\t<section class=\"elementor-section elementor-top-section elementor-element elementor-element-264b295 elementor-section-boxed elementor-section-height-default elementor-section-height-default\" data-id=\"264b295\" data-element_type=\"section\">\n\t\t\t\t\t\t<div class=\"elementor-container elementor-column-gap-default\">\n\t\t\t\t\t<div class=\"elementor-column elementor-col-50 elementor-top-column elementor-element elementor-element-89d7572\" data-id=\"89d7572\" data-element_type=\"column\">\n\t\t\t<div class=\"elementor-widget-wrap elementor-element-populated\">\n\t\t\t\t\t\t<div class=\"elementor-element elementor-element-35c7e79 elementor-pagination-position-inside elementor-arrows-position-inside elementor-widget elementor-widget-image-carousel\" data-id=\"35c7e79\" data-element_type=\"widget\" data-settings=\"{&quot;slides_to_show&quot;:&quot;1&quot;,&quot;navigation&quot;:&quot;both&quot;,&quot;autoplay&quot;:&quot;yes&quot;,&quot;pause_on_hover&quot;:&quot;yes&quot;,&quot;pause_on_interaction&quot;:&quot;yes&quot;,&quot;autoplay_speed&quot;:5000,&quot;infinite&quot;:&quot;yes&quot;,&quot;effect&quot;:&quot;slide&quot;,&quot;speed&quot;:500}\" data-widget_type=\"image-carousel.default\">\n\t\t\t\t<div class=\"elementor-widget-container\">\n\t\t\t<style>\/*! elementor - v3.22.0 - 26-06-2024 *\/\n.elementor-widget-image-carousel .swiper,.elementor-widget-image-carousel .swiper-container{position:static}.elementor-widget-image-carousel .swiper-container .swiper-slide figure,.elementor-widget-image-carousel .swiper .swiper-slide figure{line-height:inherit}.elementor-widget-image-carousel .swiper-slide{text-align:center}.elementor-image-carousel-wrapper:not(.swiper-container-initialized):not(.swiper-initialized) .swiper-slide{max-width:calc(100% \/ var(--e-image-carousel-slides-to-show, 3))}<\/style>\t\t<div class=\"elementor-image-carousel-wrapper swiper\" dir=\"ltr\">\n\t\t\t<div class=\"elementor-image-carousel swiper-wrapper\" aria-live=\"off\">\n\t\t\t\t\t\t\t\t<div class=\"swiper-slide\" role=\"group\" aria-roledescription=\"slide\" aria-label=\"1 \/ 2\"><figure class=\"swiper-slide-inner\"><img decoding=\"async\" class=\"swiper-slide-image\" src=\"https:\/\/bal-yurdu.com\/wp-content\/uploads\/2023\/05\/WhatsApp-Gorsel-2023-05-22-saat-20.40.42-1024x472.jpg\" alt=\"WhatsApp G\u00f6rsel 2023-05-22 saat 20.40.42\" \/><\/figure><\/div><div class=\"swiper-slide\" role=\"group\" aria-roledescription=\"slide\" aria-label=\"2 \/ 2\"><figure class=\"swiper-slide-inner\"><img decoding=\"async\" class=\"swiper-slide-image\" src=\"https:\/\/bal-yurdu.com\/wp-content\/uploads\/2023\/05\/2-4.png\" alt=\"2\" \/><\/figure><\/div>\t\t\t<\/div>\n\t\t\t\t\t\t\t\t\t\t\t\t<div class=\"elementor-swiper-button elementor-swiper-button-prev\" role=\"button\" tabindex=\"0\">\n\t\t\t\t\t\t<i aria-hidden=\"true\" class=\"eicon-chevron-left\"><\/i>\t\t\t\t\t<\/div>\n\t\t\t\t\t<div class=\"elementor-swiper-button elementor-swiper-button-next\" role=\"button\" tabindex=\"0\">\n\t\t\t\t\t\t<i aria-hidden=\"true\" class=\"eicon-chevron-right\"><\/i>\t\t\t\t\t<\/div>\n\t\t\t\t\n\t\t\t\t\t\t\t\t\t<div class=\"swiper-pagination\"><\/div>\n\t\t\t\t\t\t\t\t\t<\/div>\n\t\t\t\t<\/div>\n\t\t\t\t<\/div>\n\t\t\t\t\t<\/div>\n\t\t<\/div>\n\t\t\t\t<div class=\"elementor-column elementor-col-50 elementor-top-column elementor-element elementor-element-942bd02\" data-id=\"942bd02\" data-element_type=\"column\">\n\t\t\t<div class=\"elementor-widget-wrap elementor-element-populated\">\n\t\t\t\t\t\t<div class=\"elementor-element elementor-element-671b542 elementor-widget elementor-widget-spacer\" data-id=\"671b542\" data-element_type=\"widget\" data-widget_type=\"spacer.default\">\n\t\t\t\t<div class=\"elementor-widget-container\">\n\t\t\t<style>\/*! elementor - v3.22.0 - 26-06-2024 *\/\n.elementor-column .elementor-spacer-inner{height:var(--spacer-size)}.e-con{--container-widget-width:100%}.e-con-inner>.elementor-widget-spacer,.e-con>.elementor-widget-spacer{width:var(--container-widget-width,var(--spacer-size));--align-self:var(--container-widget-align-self,initial);--flex-shrink:0}.e-con-inner>.elementor-widget-spacer>.elementor-widget-container,.e-con>.elementor-widget-spacer>.elementor-widget-container{height:100%;width:100%}.e-con-inner>.elementor-widget-spacer>.elementor-widget-container>.elementor-spacer,.e-con>.elementor-widget-spacer>.elementor-widget-container>.elementor-spacer{height:100%}.e-con-inner>.elementor-widget-spacer>.elementor-widget-container>.elementor-spacer>.elementor-spacer-inner,.e-con>.elementor-widget-spacer>.elementor-widget-container>.elementor-spacer>.elementor-spacer-inner{height:var(--container-widget-height,var(--spacer-size))}.e-con-inner>.elementor-widget-spacer.elementor-widget-empty,.e-con>.elementor-widget-spacer.elementor-widget-empty{position:relative;min-height:22px;min-width:22px}.e-con-inner>.elementor-widget-spacer.elementor-widget-empty .elementor-widget-empty-icon,.e-con>.elementor-widget-spacer.elementor-widget-empty .elementor-widget-empty-icon{position:absolute;top:0;bottom:0;left:0;right:0;margin:auto;padding:0;width:22px;height:22px}<\/style>\t\t<div class=\"elementor-spacer\">\n\t\t\t<div class=\"elementor-spacer-inner\"><\/div>\n\t\t<\/div>\n\t\t\t\t<\/div>\n\t\t\t\t<\/div>\n\t\t\t\t<div class=\"elementor-element elementor-element-d9dc730 elementor-widget__width-initial elementor-widget elementor-widget-heading\" data-id=\"d9dc730\" data-element_type=\"widget\" data-widget_type=\"heading.default\">\n\t\t\t\t<div class=\"elementor-widget-container\">\n\t\t\t<style>\/*! elementor - v3.22.0 - 26-06-2024 *\/\n.elementor-heading-title{padding:0;margin:0;line-height:1}.elementor-widget-heading .elementor-heading-title[class*=elementor-size-]>a{color:inherit;font-size:inherit;line-height:inherit}.elementor-widget-heading .elementor-heading-title.elementor-size-small{font-size:15px}.elementor-widget-heading .elementor-heading-title.elementor-size-medium{font-size:19px}.elementor-widget-heading .elementor-heading-title.elementor-size-large{font-size:29px}.elementor-widget-heading .elementor-heading-title.elementor-size-xl{font-size:39px}.elementor-widget-heading .elementor-heading-title.elementor-size-xxl{font-size:59px}<\/style><h2 class=\"elementor-heading-title elementor-size-default\">M\u0130SYONUMUZ <\/h2>\t\t<\/div>\n\t\t\t\t<\/div>\n\t\t\t\t<div class=\"elementor-element elementor-element-15225d6 elementor-widget elementor-widget-spacer\" data-id=\"15225d6\" data-element_type=\"widget\" data-widget_type=\"spacer.default\">\n\t\t\t\t<div class=\"elementor-widget-container\">\n\t\t\t\t\t<div class=\"elementor-spacer\">\n\t\t\t<div class=\"elementor-spacer-inner\"><\/div>\n\t\t<\/div>\n\t\t\t\t<\/div>\n\t\t\t\t<\/div>\n\t\t\t\t<div class=\"elementor-element elementor-element-89c514b elementor-widget elementor-widget-text-editor\" data-id=\"89c514b\" data-element_type=\"widget\" data-widget_type=\"text-editor.default\">\n\t\t\t\t<div class=\"elementor-widget-container\">\n\t\t\t<style>\/*! elementor - v3.22.0 - 26-06-2024 *\/\n.elementor-widget-text-editor.elementor-drop-cap-view-stacked .elementor-drop-cap{background-color:#69727d;color:#fff}.elementor-widget-text-editor.elementor-drop-cap-view-framed .elementor-drop-cap{color:#69727d;border:3px solid;background-color:transparent}.elementor-widget-text-editor:not(.elementor-drop-cap-view-default) .elementor-drop-cap{margin-top:8px}.elementor-widget-text-editor:not(.elementor-drop-cap-view-default) .elementor-drop-cap-letter{width:1em;height:1em}.elementor-widget-text-editor .elementor-drop-cap{float:left;text-align:center;line-height:1;font-size:50px}.elementor-widget-text-editor .elementor-drop-cap-letter{display:inline-block}<\/style>\t\t\t\t<p>Do\u011fal ve Kaliteli Bal Sunarak M\u00fc\u015fterilerimize Sa\u011fl\u0131k ve Lezzet Sunmak<\/p><p>Bal Yurdu olarak, misyonumuz do\u011fal ve kaliteli bal \u00fcretimiyle m\u00fc\u015fterilerimize sa\u011fl\u0131k ve lezzet sunmakt\u0131r. M\u00fc\u015fterilerimizin sa\u011fl\u0131kl\u0131 ve do\u011fal \u00fcr\u00fcnlere eri\u015fimini sa\u011flamak i\u00e7in \u00e7al\u0131\u015f\u0131yoruz.<\/p><p>Misyonumuzun odak noktas\u0131, \u00e7evreye ve ar\u0131lar\u0131n do\u011fal ya\u015fam alanlar\u0131na sayg\u0131 duymakt\u0131r. Ar\u0131lar\u0131m\u0131z\u0131n do\u011fal bitki \u00e7e\u015fitlili\u011fiyle beslenmesini ve \u00e7i\u00e7eklerden elde ettikleri polen ve nektarla beslendikleri do\u011fal ortamlar\u0131nda serbest\u00e7e dola\u015fabilmelerini sa\u011flamak i\u00e7in \u00e7evresel s\u00fcrd\u00fcr\u00fclebilirlik ilkelerine ba\u011fl\u0131 kalmaktay\u0131z.<\/p><p>\u00dcretim s\u00fcrecinde, do\u011fal kaynaklardan toplanan en kaliteli bal\u0131 titizlikle i\u015fleyerek m\u00fc\u015fterilerimize sunuyoruz. Kalite kontrol \u00f6nlemleriyle \u00fcretimimizin her a\u015famas\u0131nda en y\u00fcksek kalite standartlar\u0131n\u0131 sa\u011flamaya \u00f6zen g\u00f6steriyoruz. B\u00f6ylece m\u00fc\u015fterilerimize g\u00fcvenilir ve sa\u011fl\u0131kl\u0131 bir \u00fcr\u00fcn sunarak onlar\u0131n ihtiya\u00e7lar\u0131n\u0131 kar\u015f\u0131lamay\u0131 hedefliyoruz.<\/p><p>Misyonumuzda m\u00fc\u015fteri memnuniyeti ve sa\u011fl\u0131\u011f\u0131 en \u00fcst \u00f6nceli\u011fimizdir. M\u00fc\u015fterilerimize do\u011fal bal\u0131n sa\u011fl\u0131k faydalar\u0131n\u0131 ve lezzetini sunarak, onlar\u0131n ya\u015fam kalitesine katk\u0131da bulunmay\u0131 ama\u00e7l\u0131yoruz. Do\u011fal ve kaliteli bal \u00fcretimiyle m\u00fc\u015fterilerimize sa\u011fl\u0131k ve lezzet dolu bir deneyim sunmaya devam edece\u011fiz.<\/p>\t\t\t\t\t\t<\/div>\n\t\t\t\t<\/div>\n\t\t\t\t\t<\/div>\n\t\t<\/div>\n\t\t\t\t\t<\/div>\n\t\t<\/section>\n\t\t\t\t<\/div>\n\t\t","protected":false},"excerpt":{"rendered":"<p>Previous image Next image M\u0130SYONUMUZ Do\u011fal ve Kaliteli Bal Sunarak M\u00fc\u015fterilerimize Sa\u011fl\u0131k ve Lezzet Sunmak Bal Yurdu olarak, misyonumuz do\u011fal ve kaliteli bal \u00fcretimiyle m\u00fc\u015fterilerimize sa\u011fl\u0131k ve lezzet sunmakt\u0131r. M\u00fc\u015fterilerimizin sa\u011fl\u0131kl\u0131 ve do\u011fal \u00fcr\u00fcnlere eri\u015fimini sa\u011flamak i\u00e7in \u00e7al\u0131\u015f\u0131yoruz. Misyonumuzun odak noktas\u0131, \u00e7evreye ve ar\u0131lar\u0131n do\u011fal ya\u015fam alanlar\u0131na sayg\u0131 duymakt\u0131r. Ar\u0131lar\u0131m\u0131z\u0131n do\u011fal bitki \u00e7e\u015fitlili\u011fiyle beslenmesini ve &hellip;<\/p>\n<p class=\"read-more\"> <a class=\"\" href=\"https:\/\/bal-yurdu.com\/index.php\/misyonumuz-2\/\"> <span class=\"screen-reader-text\">Misyonumuz<\/span> Devam\u0131 &raquo;<\/a><\/p>\n","protected":false},"author":1,"featured_media":0,"parent":0,"menu_order":0,"comment_status":"closed","ping_status":"closed","template":"","meta":{"site-sidebar-layout":"no-sidebar","site-content-layout":"page-builder","ast-global-header-display":"","ast-banner-title-visibility":"","ast-main-header-display":"","ast-hfb-above-header-display":"","ast-hfb-below-header-display":"","ast-hfb-mobile-header-display":"","site-post-title":"disabled","ast-breadcrumbs-content":"","ast-featured-img":"disabled","footer-sml-layout":"","theme-transparent-header-meta":"","adv-header-id-meta":"","stick-header-meta":"","header-above-stick-meta":"","header-main-stick-meta":"","header-below-stick-meta":"","footnotes":""},"jetpack_sharing_enabled":true,"_links":{"self":[{"href":"https:\/\/bal-yurdu.com\/index.php\/wp-json\/wp\/v2\/pages\/1651"}],"collection":[{"href":"https:\/\/bal-yurdu.com\/index.php\/wp-json\/wp\/v2\/pages"}],"about":[{"href":"https:\/\/bal-yurdu.com\/index.php\/wp-json\/wp\/v2\/types\/page"}],"author":[{"embeddable":true,"href":"https:\/\/bal-yurdu.com\/index.php\/wp-json\/wp\/v2\/users\/1"}],"replies":[{"embeddable":true,"href":"https:\/\/bal-yurdu.com\/index.php\/wp-json\/wp\/v2\/comments?post=1651"}],"version-history":[{"count":25,"href":"https:\/\/bal-yurdu.com\/index.php\/wp-json\/wp\/v2\/pages\/1651\/revisions"}],"predecessor-version":[{"id":1732,"href":"https:\/\/bal-yurdu.com\/index.php\/wp-json\/wp\/v2\/pages\/1651\/revisions\/1732"}],"wp:attachment":[{"href":"https:\/\/bal-yurdu.com\/index.php\/wp-json\/wp\/v2\/media?parent=1651"}],"curies":[{"name":"wp","href":"https:\/\/api.w.org\/{rel}","templated":true}]}}